{"id":1819,"date":"2025-03-03T11:58:24","date_gmt":"2025-03-03T10:58:24","guid":{"rendered":"http:\/\/2secondes.com\/?page_id=1819"},"modified":"2025-03-03T19:19:23","modified_gmt":"2025-03-03T18:19:23","slug":"one-page","status":"publish","type":"page","link":"http:\/\/2secondes.com\/","title":{"rendered":"Front Page"},"content":{"rendered":"<div  id=\"overlapable-2\" style=\"background-color: #ffffff;\" data-label=\"Overlapable\" data-id=\"stripped-coloured-icon-boxes\" data-category=\"overlapable\" class=\"features-coloured-icon-boxes-section\" data-overlap=\"true\"> <div  class=\"gridContainer\"> <div  class=\"features-coloured-icon-boxes-innerrow flexbox-list dark-text\" data-type=\"row\"> <div  class=\"features-coloured-icon-boxes-featurecol cp3cols\"> <div  class=\"features-coloured-icon-boxes-iconcontainer\" data-content-item-container=\"true\"> <i  data-cp-fa=\"true\" class=\"features-coloured-icon fa fa-rocket\"><\/i> <\/div> <h4  class=\"\">Actions<\/h4> <p  class=\"\">Nous r\u00e9alisons des \u00e9tudes et menons des actions concr\u00e8tes en mati\u00e8re d\u2019urbanisme, dans le but de pr\u00e9server notre cadre de vie et de favoriser un d\u00e9veloppement harmonieux et respectueux de l\u2019environnement.<br >Nous sensibilisons les habitants aux enjeux environnementaux et encourageons les pratiques durables au quotidien.<\/p>  <\/div> <div  class=\"features-coloured-icon-boxes-featurecol cp3cols\"> <div  class=\"features-coloured-icon-boxes-iconcontainer\" data-content-item-container=\"true\"> <i  data-cp-fa=\"true\" class=\"features-coloured-icon fa fa-child\"><\/i> <\/div> <h4  class=\"\">Engagement<\/h4> <p  class=\"\">Nous \u0153uvrons \u00e0 renforcer les liens entre les habitants, en favorisant le dialogue et la participation citoyenne.<br >Nous luttons contre toutes les formes d\u2019exclusion, d\u2019in\u00e9galit\u00e9s et de x\u00e9nophobie, en promouvant les valeurs de respect et de tol\u00e9rance.<br >Nous nous engageons \u00e0 soutenir la solidarit\u00e9 entre tous les habitants de la commune, ind\u00e9pendamment de leurs opinions ou origines.<\/p>  <\/div> <div  class=\"features-coloured-icon-boxes-featurecol cp3cols\"> <div  class=\"features-coloured-icon-boxes-iconcontainer\" data-content-item-container=\"true\"> <i  data-cp-fa=\"true\" class=\"features-coloured-icon fa fa-eye\"><\/i> <\/div> <h4  class=\"\">Vision<\/h4> <p  class=\"\">Le Flamant Libre se distingue par sa volont\u00e9 de construire une communaut\u00e9 unie et engag\u00e9e, o\u00f9 chaque citoyen a sa place et peut contribuer \u00e0 l\u2019avenir de Palavas-les-Flots. Nous croyons en la force du collectif et en la capacit\u00e9 de chacun \u00e0 agir pour un monde meilleur.<\/p>  <\/div> <div  class=\"features-coloured-icon-boxes-featurecol cp3cols\"> <div  class=\"features-coloured-icon-boxes-iconcontainer\" data-content-item-container=\"true\"> <i  data-cp-fa=\"true\" class=\"features-coloured-icon fa fa-handshake-o\"><\/i> <\/div> <h4  class=\"\">Rejoignez-nous<\/h4> <p  class=\"\">Nous invitons tous les Palavasiens et toutes les personnes attach\u00e9es \u00e0 notre commune \u00e0 nous rejoindre pour participer \u00e0 nos actions et soutenir notre vision. Ensemble, nous pouvons faire de Palavas-les-Flots un exemple de ville durable, solidaire et citoyenne.<\/p>  <\/div> <\/div> <\/div><\/div><div  id=\"content-3\" style=\"background-color: #ffffff;\" data-label=\"Content\" data-id=\"content-image-left\" data-category=\"content\" class=\"content-left-image-section\"> <div  class=\"gridContainer\"> <div  class=\"row\"> <div  class=\"content-left-image-imgcol\" data-type=\"column\"> <img  decoding=\"async\" src=\"http:\/\/2secondes.com\/wp-content\/uploads\/2025\/03\/Groupe-de-flamants_AdopteUnFlamant-1024x754-1.png\" class=\"\" alt=\"\"> <\/div> <div  class=\"content-left-image-textcol dynamic-color\" data-type=\"column\"> <h2  class=\"\">Nous avons adopt\u00e9 un flamant rose grace \u00e0 l\u2019association Adopte un flamant.&nbsp;<\/h2> <p  class=\"large_text\"> Vous aussi adoptez votre flamant \ud83d\ude42 <\/p> <a  class=\"button blue\" href=\"#\" target=\"_self\"> Adopter un flamant <\/a> <\/div> <\/div> <\/div> <\/div><div  id=\"portfolio-2\" style=\"background-color: #ffffff;\" data-label=\"Portfolio\" data-id=\"portfolio-full-section\" data-category=\"portfolio\"> <div  class=\"portfolio-full-section\" data-type=\"row\"> <div  class=\"portfolio-full-projectco cp4cols cp4cols-tablet\"> <div  class=\"contentswap-effect ContentSwap103\" hover-fx=\"ContentSwap103\" id=\"ContentSwap103\"> <div  class=\"ContentSwap103_content initial-image\"><img  decoding=\"async\" class=\"portfolio-full-projectimg\" data-size=\"1200x800\" src=\"http:\/\/2secondes.com\/wp-content\/uploads\/2025\/03\/cropped-g4a3507973c28e2c6d16a88cc8231d4956496825589eb298dccc3bc028d825a6f992a1a7adb515196664bf6bac147dda5_1280-428087.jpg\"> <\/div> <div  class=\"overlay\" style=\"display: block; opacity: 1;\"><\/div> <div  class=\"swap-inner\" style=\"opacity: 1; display: block;\"> <div  class=\"ContentSwap103-center\"> <h4  class=\"protfolio-full-itemtitle\">Le Flamant Libre oeuvre pour la plantation d&rsquo;arbres.<\/h4><a  class=\"button yellow\" href=\"#\" target=\"_self\">en savoir plus<\/a> <\/div> <\/div> <\/div> <\/div> <div  class=\"portfolio-full-projectco cp4cols cp4cols-tablet\"> <div  class=\"contentswap-effect ContentSwap103\" hover-fx=\"ContentSwap103\" id=\"ContentSwap103\" is-hovered=\"1\"> <div  class=\"ContentSwap103_content initial-image\"><img  decoding=\"async\" class=\"portfolio-full-projectimg\" data-size=\"1200x800\" src=\"http:\/\/2secondes.com\/wp-content\/uploads\/2025\/03\/cropped-gaa766707fcef62d6c43b908b8848ea7be1d51ce667a0b26d72d9c4b54613c406f7c6ad48b8add566fa8c0f869caaa5f486b1edf4f39c8cc8c65a9a76d7762c1b_1280-1656503.jpg\"> <\/div> <div  class=\"overlay\" style=\"display: block; opacity: 1;\"><\/div> <div  class=\"swap-inner\" style=\"opacity: 1; display: block;\"> <div  class=\"ContentSwap103-center\"> <h4  class=\"protfolio-full-itemtitle\">La r\u00e9serve marine<\/h4><a  class=\"button yellow\" href=\"#\" target=\"_self\">en savoir plus<\/a> <\/div> <\/div> <\/div> <\/div> <div  class=\"portfolio-full-projectco cp4cols cp4cols-tablet\"> <div  class=\"contentswap-effect ContentSwap103\" hover-fx=\"ContentSwap103\" id=\"ContentSwap103\" is-hovered=\"1\"> <div  class=\"ContentSwap103_content initial-image\"><img  decoding=\"async\" class=\"portfolio-full-projectimg\" data-size=\"1200x800\" src=\"http:\/\/2secondes.com\/wp-content\/uploads\/2025\/03\/cropped-pexels-photo-436413-436413-scaled-1.jpg\"> <\/div> <div  class=\"overlay\" style=\"display: block; opacity: 1;\"><\/div> <div  class=\"swap-inner\" style=\"opacity: 1; display: block;\"> <div  class=\"ContentSwap103-center\"> <h4  class=\"protfolio-full-itemtitle\">Le cin\u00e9ma Nautilus<\/h4><a  class=\"button yellow\" href=\"#\" target=\"_self\">D\u00e9couvrez le programme<\/a> <\/div> <\/div> <\/div> <\/div><\/div><\/div><div  id=\"testimonials-1\" style=\"background-color: #f6f6f6;\" data-label=\"Testimonials\" data-id=\"testimonials-boxed-section\" data-category=\"testimonials\" class=\"testimonials-boxed-section\"> <div  class=\"gridContainer\"> <div  class=\"testimonials-boxed-textcol dynamic-color\" data-type=\"column\"> <h2  class=\"\">Ce que disent nos adh\u00e9rents<\/h2>  <\/div> <div  class=\"testimonials-boxed-itemsrow dark-text\" data-type=\"row\"> <div  class=\"testimonials-boxed-itemcol cp4cols cp6cols-tablet\"> <div  class=\"testimonials-boxed-itemcard\" data-type=\"column\"> <h4  class=\"testimonials-boxed-itemtext\">\u201cJ&rsquo;aime lire Le Flamant Libre, c&rsquo;est une publication qui change des discours poliss\u00e9s de la Marie\u00a0\u00bb<\/h4><img  decoding=\"async\" class=\"testimonials-boxed-itemimg\" data-size=\"500x500\" src=\"http:\/\/2secondes.com\/wp-content\/plugins\/one-page-express-companion\/theme-data\/one-page-express\/sections\/images\/face4.jpg\"> <h5  class=\"testimonials-boxed-itemname\">Anna<\/h5> <h6  class=\"testimonials-boxed-itempos\">Habite Carnon<\/h6> <\/div> <\/div> <div  class=\"testimonials-boxed-itemcol cp4cols cp6cols-tablet\"> <div  class=\"testimonials-boxed-itemcard\" data-type=\"column\"> <h4  class=\"testimonials-boxed-itemtext\">\u201cC&rsquo;est bien qu&rsquo;on puisse avoir un m\u00e9dia ind\u00e9pendant qui n&rsquo;est pas soumis \u00e0 la marie de Palavas !\u00a0\u00bb<\/h4><img  decoding=\"async\" class=\"testimonials-boxed-itemimg\" data-size=\"500x500\" src=\"http:\/\/2secondes.com\/wp-content\/plugins\/one-page-express-companion\/theme-data\/one-page-express\/sections\/images\/face9.jpg\"> <h5  class=\"testimonials-boxed-itemname\">Eric<\/h5> <h6  class=\"testimonials-boxed-itempos\">Habite Palavas<\/h6> <\/div> <\/div> <div  class=\"testimonials-boxed-itemcol cp4cols cp6cols-tablet\"> <div  class=\"testimonials-boxed-itemcard\" data-type=\"column\"> <h4  class=\"testimonials-boxed-itemtext\">\u201cJ&rsquo;aimerais que les \u00e9lus prennent enfin en compte l&rsquo;avis des habitant. \n<br >Le Flamant Libre va dans ce sens\u00a0\u00bb<\/h4><img  decoding=\"async\" class=\"testimonials-boxed-itemimg\" data-size=\"500x500\" src=\"http:\/\/2secondes.com\/wp-content\/plugins\/one-page-express-companion\/theme-data\/one-page-express\/sections\/images\/face7.jpg\"> <h5  class=\"testimonials-boxed-itemname\">J\u00e9r\u00f4me<\/h5> <h6  class=\"testimonials-boxed-itempos\">habite Palavas<\/h6> <\/div> <\/div> <\/div> <\/div><\/div><div  id=\"cta-1\" data-label=\"Call to action\" data-id=\"cta-blue-section\" data-category=\"cta\" class=\"cta-blue-section\"> <div  class=\"gridContainer\"> <div  class=\"flexbox-list flexbox-list-align-center row\"> <div  class=\"cta-blue-textcol dynamic-color\"> <h2  class=\"cta-blue-text\"> <b  class=\"element2\"> Join us. <\/b> It will only take a minute <\/h2> <\/div> <div  class=\"cta-blue-btncol\"> <a  class=\"button big yellow dark-text\" href=\"#\"> GET STARTED TODAY <\/a> <\/div> <\/div> <\/div> <\/div><div  id=\"numbers\" data-label=\"Numbers\" data-id=\"numbers-section\" data-category=\"numbers\" data-bg=\"transparent\" class=\"numbers-section\" data-parallax-depth=\"20\"> <div  class=\"gridContainer dynamic-color\"> <div  class=\"numbers-itemcol\"> <h2  class=\"numbers-numbertext\">230<\/h2> <h3  class=\"numbers-titletext\">PROJECTS<\/h3> <\/div> <div  class=\"numbers-itemcol\"> <h2  class=\"numbers-numbertext\">75340<\/h2> <h3  class=\"numbers-titletext\">WORKED HOURS<\/h3> <\/div> <div  class=\"numbers-itemcol-last\"> <h2  class=\"numbers-numbertext\">25<\/h2> <h3  class=\"numbers-titletext\">EMPLOYEES<\/h3> <\/div> <\/div><\/div><div  id=\"latest-posts\" style=\"background-color: #ffffff;\" data-label=\"Latest posts\" data-id=\"blog-section\" data-category=\"latest_news\" class=\"blog-section\"> <div  class=\"gridContainer\"> <div  class=\"blog-textrow\"> <div  class=\"blog-textcol dynamic-color\" data-type=\"column\"> <h2  class=\"\">Latest News<\/h2> <p  class=\"\">Lorem ipsum dolor sit amet, consectetur adipisicing elit, sed do eiusmod tempor incididunt ut labore et dolore magna aliqua. Ut enim ad minim veniam, quis nostrud exercitation ullamco laboris nisi ut aliquip ex ea commodo consequat.<\/p> <\/div> <\/div> <div  class=\"blog-postsrow dark-text\" data-type=\"row\" data-dynamic-columns=\"one_page_express_latest_news_columns\" data-content-shortcode=\"one_page_express_latest_news\">\t\t\t<div id=\"post-1\" class=\"blog-postcol cp4cols\">\n\t\t\t<div class=\"post-content\">\n\t\t\t\t\t\t\t\t<div class=\"row_345\">\n\t\t\t\t\t<h3 class=\"blog-title\">\n\t\t\t\t\t\t<a href=\"http:\/\/2secondes.com\/?p=1\" rel=\"bookmark\">\n\t\t\t\t\t\t\tBonjour tout le monde\u00a0!\t\t\t\t\t\t<\/a>\n\t\t\t\t\t<\/h3>\n\t\t\t\t\t<p>Bienvenue sur WordPress. Ceci est votre premier article. Modifiez-le ou supprimez-le, puis commencez \u00e0 \u00e9crire\u00a0!<\/p>\n\t\t\t\t\t<a class=\"button blue small\" href=\"http:\/\/2secondes.com\/?p=1\">\n\t\t\t\t\t\t<span data-theme=\"one_page_express_latest_news_read_more\">Read more<\/span>\n\t\t\t\t\t<\/a>\n\t\t\t\t\t<hr class=\"blog-separator\">\n<div class=\"post-header\">\n    <i class=\"font-icon-post fa fa-user\"><\/i>\n    <a href=\"http:\/\/2secondes.com\/?author=1\" title=\"Articles par chris\" rel=\"author\">chris<\/a>    <i class=\"font-icon-post fa fa-calendar\"><\/i>\n    <span class=\"span12\">03\/03\/2025<\/span>\n\n    <i class=\"font-icon-post fa fa-comment-o\"><\/i>\n    <span>1<\/span>\n<\/div>\t\t\t\t<\/div>\n\t\t\t<\/div>\n\t\t<\/div>\n\t\t<\/div> <div  class=\"blog-textcol\"> <a  class=\"button blue\" data-attr-shortcode=\"href:one_page_express_blog_link\" href=\"http:\/\/2secondes.com\/?page_id=1820\">SEE ALL BLOG POSTS<\/a> <\/div> <\/div><\/div><div  id=\"contact-4\" data-label=\"Contact\" data-id=\"contact-section\" data-category=\"contact\" data-bg=\"transparent\" class=\"contact-section-formsection white-text\"> <div  class=\"gridContainer\"> <div  class=\"row_224\"> <div  class=\"contact-textrow\"> <div  class=\"contact-textcol dynamic-color\"> <h2  class=\"\">Say Hello<\/h2> <p  class=\"white_text\">Lorem ipsum dolor sit amet, consectetur adipisicing elit, sed do eiusmod tempor incididunt ut labore et dolore magna aliqua.<\/p> <\/div> <\/div> <\/div> <div  class=\"contact-formcol\" data-content-shortcode=\"one_page_express_contact_form\" data-editable=\"true\"><p style=\"text-align:center;color:#ababab\">Contact form will be displayed here. To activate it you have to click this area and set the shortcode parameter in Customizer.<\/p><\/div> <\/div><\/div>","protected":false},"excerpt":{"rendered":"<p>Actions Nous r\u00e9alisons des \u00e9tudes et menons des actions concr\u00e8tes en mati\u00e8re d\u2019urbanisme, dans le but de pr\u00e9server notre cadre de vie et de favoriser un d\u00e9veloppement harmonieux et respectueux de l\u2019environnement.Nous sensibilisons les habitants aux enjeux environnementaux et encourageons les pratiques durables au quotidien. Engagement Nous \u0153uvrons \u00e0 renforcer les liens entre les habitants,&hellip; <br \/> <a class=\"button small blue\" href=\"http:\/\/2secondes.com\/?p=1\">Lire la suite<\/a><\/p>\n","protected":false},"author":1,"featured_media":0,"parent":0,"menu_order":0,"comment_status":"closed","ping_status":"closed","template":"","meta":{"footnotes":""},"class_list":["post-1819","page","type-page","status-publish","hentry"],"_links":{"self":[{"href":"http:\/\/2secondes.com\/index.php?rest_route=\/wp\/v2\/pages\/1819","targetHints":{"allow":["GET"]}}],"collection":[{"href":"http:\/\/2secondes.com\/index.php?rest_route=\/wp\/v2\/pages"}],"about":[{"href":"http:\/\/2secondes.com\/index.php?rest_route=\/wp\/v2\/types\/page"}],"author":[{"embeddable":true,"href":"http:\/\/2secondes.com\/index.php?rest_route=\/wp\/v2\/users\/1"}],"replies":[{"embeddable":true,"href":"http:\/\/2secondes.com\/index.php?rest_route=%2Fwp%2Fv2%2Fcomments&post=1819"}],"version-history":[{"count":7,"href":"http:\/\/2secondes.com\/index.php?rest_route=\/wp\/v2\/pages\/1819\/revisions"}],"predecessor-version":[{"id":1872,"href":"http:\/\/2secondes.com\/index.php?rest_route=\/wp\/v2\/pages\/1819\/revisions\/1872"}],"wp:attachment":[{"href":"http:\/\/2secondes.com\/index.php?rest_route=%2Fwp%2Fv2%2Fmedia&parent=1819"}],"curies":[{"name":"wp","href":"https:\/\/api.w.org\/{rel}","templated":true}]}}